{"id":8980,"date":"2024-10-10T15:24:25","date_gmt":"2024-10-10T15:24:25","guid":{"rendered":"https:\/\/leende.mx\/ad\/?page_id=8980"},"modified":"2026-05-05T12:27:49","modified_gmt":"2026-05-05T12:27:49","slug":"implantes-dentales","status":"publish","type":"page","link":"https:\/\/leende.mx\/ad\/implantes-dentales\/","title":{"rendered":"Implantes Dentales"},"content":{"rendered":"<section class=\"l-section wpb_row height_auto\"><div class=\"l-section-h i-cf\"><div class=\"g-cols vc_row via_grid cols_1 laptops-cols_inherit tablets-cols_inherit mobiles-cols_1 valign_top type_default stacking_default\"><div class=\"wpb_column vc_column_container\"><div class=\"vc_column-inner\">\n\t\t\t\t<p class=\"rs-p-wp-fix\"><\/p>\n\t\t\t\t<sr7-module data-alias=\"concept\" data-id=\"14\" id=\"SR7_14_1\" class=\"rs-ov-hidden\" data-version=\"6.7.17\">\n\t\t\t\t\t<sr7-adjuster><\/sr7-adjuster>\n\t\t\t\t\t<sr7-content>\n\t\t\t\t\t\t<sr7-slide id=\"SR7_14_1-49\" data-key=\"49\">\n\t\t\t\t\t\t\t<sr7-bg id=\"SR7_14_1-49-13\" class=\"sr7-layer\"><noscript><img decoding=\"async\" src=\"https:\/\/leende.mx\/ad\/wp-content\/uploads\/2024\/10\/Portada-de-Implantes.png\" alt=\"\" title=\"Portada de Implantes\"><\/noscript><\/sr7-bg>\n\t\t\t\t\t\t\t<sr7-txt id=\"SR7_14_1-49-2\" class=\"sr7-layer\">IMPLANTES DENTALES<\/sr7-txt>\n\t\t\t\t\t\t\t<sr7-txt id=\"SR7_14_1-49-4\" class=\"sr7-layer\">Recupera tu Sonrisa<\/sr7-txt>\n\t\t\t\t\t\t\t<sr7-txt id=\"SR7_14_1-49-6\" class=\"sr7-layer\">No, seriously. Slider Revolution is revolutionizing the way you can present your websites most vital information.<br\/>\nBuild striking and highly usable presentations in no time.<br\/><br\/><a href=\"#purchase\" class=\"onepager-link\">COOL. LET'S GO!<\/a><\/sr7-txt>\n\t\t\t\t\t\t\t<sr7-txt id=\"SR7_14_1-49-7\" class=\"sr7-layer\"><i class=\"pe-7s-plus\"><\/i><\/sr7-txt>\n\t\t\t\t\t\t\t<sr7-txt id=\"SR7_14_1-49-8\" class=\"sr7-layer\"><i class=\"pe-7s-close-circle\"><\/i><\/sr7-txt>\n\t\t\t\t\t\t\t<sr7-txt id=\"SR7_14_1-49-11\" class=\"sr7-layer\">WHO DOESN'T LOVE CATS?<\/sr7-txt>\n\t\t\t\t\t\t\t<sr7-txt id=\"SR7_14_1-49-12\" class=\"sr7-layer\"><i style=\"font-size:30px;\" class=\"pe-7s-angle-up\"><\/i><br\/>Contactanos<\/sr7-txt>\n\t\t\t\t\t\t<\/sr7-slide>\n\t\t\t\t\t\t<sr7-slide id=\"SR7_14_1-52\" data-key=\"52\">\n\t\t\t\t\t\t<\/sr7-slide>\n\t\t\t\t\t<\/sr7-content>\n\t\t\t\t\t<image_lists style=\"display:none\">\n\t\t\t\t\t\t<img data-src=\"\/\/leende.mx\/ad\/wp-content\/uploads\/2024\/10\/Portada-de-Implantes.png\" data-libid=\"9113\" title=\"Portada de Implantes\" width=\"0\" height=\"0\" data-dbsrc=\"Ly9sZWVuZGUubXgvYWQvd3AtY29udGVudC91cGxvYWRzLzIwMjQvMTAvUG9ydGFkYS1kZS1JbXBsYW50ZXMucG5n\"\/>\n\t\t\t\t\t\t<img data-src=\"139601645\" width=\"0\" height=\"0\" data-dbsrc=\"MTM5NjAxNjQ1\"\/>\n\t\t\t\t\t\t<img data-src=\"\/\/leende.mx\/ad\/wp-content\/uploads\/revslider\/concept\/concept_bg2.jpg\" data-libid=\"9112\" title=\"concept_bg2.jpg\" width=\"0\" height=\"0\" data-dbsrc=\"Ly9sZWVuZGUubXgvYWQvd3AtY29udGVudC91cGxvYWRzL3JldnNsaWRlci9jb25jZXB0L2NvbmNlcHRfYmcyLmpwZw==\"\/>\n\t\t\t\t\t<\/image_lists>\n\t\t\t\t<\/sr7-module>\n\t\t\t\t<script>\n\t\t\t\t\tSR7.PMH ??={}; SR7.PMH[\"SR7_14_1\"] = {cn:0,state:false,fn: function() { if (_tpt!==undefined && _tpt.prepareModuleHeight !== undefined) {  _tpt.prepareModuleHeight({id:\"SR7_14_1\",el:[868,868,768,960,720],type:'standard',shdw:'0',gh:[868,868,768,960,720],gw:[1240,1240,1024,778,480],vpt:['-200px&#039;,&#039;-200px&#039;,&#039;-200px&#039;,&#039;-200px&#039;,&#039;-200px'],size:{fullWidth:true, fullHeight:true},fho:',60px',mh:'0',onh:0,onw:0,bg:{color:'{\"type\":\"solid\",\"orig\":\"#000000\",\"string\":\"rgba(0, 0, 0, 1)\"}'},plType:'-1',plColor:'#FFFFFF'});   SR7.PMH[\"SR7_14_1\"].state=true;} else if((SR7.PMH[\"SR7_14_1\"].cn++)<100)\tsetTimeout( SR7.PMH[\"SR7_14_1\"].fn,19);}};SR7.PMH[\"SR7_14_1\" ].fn();\n\t\t\t\t<\/script>\n<\/div><\/div><\/div><\/div><\/section><section class=\"l-section wpb_row height_small\"><div class=\"l-section-h i-cf\"><div class=\"g-cols vc_row via_grid cols_1 laptops-cols_inherit tablets-cols_inherit mobiles-cols_1 valign_top type_default stacking_default\"><div class=\"wpb_column vc_column_container\"><div class=\"vc_column-inner\"><div class=\"wpb_text_column\"><div class=\"wpb_wrapper\"><h2 class=\"p1\" style=\"text-align: center;\">Implantes Dentales con Resultados R\u00e1pidos y Precisos<\/h2>\n<p class=\"p1\" style=\"text-align: center;\">Descubre c\u00f3mo transformar tu sonrisa en 4 pasos sencillos.<\/p>\n<\/div><\/div><\/div><\/div><\/div><\/div><\/section><section class=\"l-section wpb_row height_auto width_full color_alternate\" id=\"custom\"><div class=\"l-section-h i-cf\"><div class=\"g-cols vc_row via_grid cols_2 laptops-cols_inherit tablets-cols_1 mobiles-cols_1 valign_middle type_boxes\" style=\"--gap:0rem;\"><div class=\"wpb_column vc_column_container us_custom_8dae6ad6 has_bg_color\"><div class=\"vc_column-inner\"><\/div><\/div><div data-us-scroll=\"{&quot;from_initial_position&quot;:&quot;0&quot;,&quot;start_position&quot;:&quot;0%&quot;,&quot;end_position&quot;:&quot;100%&quot;,&quot;delay&quot;:&quot;0.1s&quot;,&quot;translate_y_direction&quot;:&quot;up&quot;,&quot;translate_y_speed&quot;:&quot;0.4x&quot;}\" class=\"wpb_column vc_column_container us_custom_a6a6d3b6 has_scroll_effects has_translate_y\"><div class=\"vc_column-inner\">[vc_custom_heading text=\u00bbMenos dolor y recuperaci\u00f3n r\u00e1pida\u00bb use_theme_fonts=\u00bbyes\u00bb css=\u00bb%7B%22default%22%3A%7B%22font-size%22%3A%2250px%22%7D%2C%22laptops%22%3A%7B%22font-size%22%3A%2250px%22%7D%2C%22tablets%22%3A%7B%22font-size%22%3A%2240px%22%7D%2C%22mobiles%22%3A%7B%22font-size%22%3A%2240px%22%7D%7D\u00bb]<div class=\"wpb_text_column\"><div class=\"wpb_wrapper\"><p class=\"p1\">La colocaci\u00f3n de los implantes se realiza a trav\u00e9s de peque\u00f1os orificios en lugar de grandes incisiones en las enc\u00edas, como en los m\u00e9todos convencionales. Esto r<strong>educe significativamente el dolor durante y despu\u00e9s de la cirug\u00eda<\/strong>, y facilita una recuperaci\u00f3n mucho m\u00e1s r\u00e1pida.<\/p>\n<\/div><\/div><\/div><\/div><\/div><\/div><\/section><section class=\"l-section wpb_row height_auto width_full color_alternate\"><div class=\"l-section-h i-cf\"><div class=\"g-cols vc_row via_grid cols_2 laptops-cols_inherit tablets-cols_1 mobiles-cols_1 valign_middle type_boxes reversed\" style=\"--gap:0rem;\"><div data-us-scroll=\"{&quot;from_initial_position&quot;:&quot;0&quot;,&quot;start_position&quot;:&quot;0%&quot;,&quot;end_position&quot;:&quot;100%&quot;,&quot;delay&quot;:&quot;0.1s&quot;,&quot;translate_y_direction&quot;:&quot;up&quot;,&quot;translate_y_speed&quot;:&quot;0.4x&quot;}\" class=\"wpb_column vc_column_container us_custom_fc4a560c has_scroll_effects has_translate_y\"><div class=\"vc_column-inner\"><h2 data-us-scroll=\"{&quot;from_initial_position&quot;:&quot;0&quot;,&quot;start_position&quot;:&quot;1%&quot;,&quot;end_position&quot;:&quot;100%&quot;,&quot;delay&quot;:&quot;0.1s&quot;}\" class=\"w-text us_custom_6571e3a1 has_scroll_effects icon_atleft\"><span class=\"w-text-h\"><i class=\"fas fa-check-circle\"><\/i><span class=\"w-text-value\">Paso 1<\/span><\/span><\/h2><h2 data-us-scroll=\"{&quot;from_initial_position&quot;:&quot;0&quot;,&quot;start_position&quot;:&quot;1%&quot;,&quot;end_position&quot;:&quot;100%&quot;,&quot;delay&quot;:&quot;0.1s&quot;}\" class=\"w-text us_custom_785e50b2 has_scroll_effects\"><span class=\"w-text-h\"><span class=\"w-text-value\">Consulta personalizada antes del procedimiento<\/span><\/span><\/h2><div class=\"wpb_text_column\"><div class=\"wpb_wrapper\"><p class=\"p1\">Nuestro equipo realizar\u00e1 una <strong>consulta personalizada para evaluar su condici\u00f3n<\/strong>, explicarle en detalle el procedimiento y presentarle un plan de tratamiento adaptado a sus necesidades espec\u00edficas.<\/p>\n<\/div><\/div><\/div><\/div><div class=\"wpb_column vc_column_container us_custom_e1a21306 has_bg_color\"><div class=\"vc_column-inner\"><div class=\"w-separator size_custom\" style=\"height:200px\"><\/div><\/div><\/div><\/div><\/div><\/section><section class=\"l-section wpb_row height_auto width_full color_alternate\" id=\"custom\"><div class=\"l-section-h i-cf\"><div class=\"g-cols vc_row via_grid cols_2 laptops-cols_inherit tablets-cols_1 mobiles-cols_1 valign_middle type_boxes\" style=\"--gap:0rem;\"><div class=\"wpb_column vc_column_container us_custom_0d32ab8b has_bg_color\"><div class=\"vc_column-inner\"><div class=\"w-separator size_custom\" style=\"height:200px\"><\/div><\/div><\/div><div data-us-scroll=\"{&quot;from_initial_position&quot;:&quot;0&quot;,&quot;start_position&quot;:&quot;0%&quot;,&quot;end_position&quot;:&quot;100%&quot;,&quot;delay&quot;:&quot;0.1s&quot;,&quot;translate_y_direction&quot;:&quot;up&quot;,&quot;translate_y_speed&quot;:&quot;0.4x&quot;}\" class=\"wpb_column vc_column_container us_custom_fc4a560c has_scroll_effects has_translate_y\"><div class=\"vc_column-inner\"><h2 data-us-scroll=\"{&quot;from_initial_position&quot;:&quot;0&quot;,&quot;start_position&quot;:&quot;1%&quot;,&quot;end_position&quot;:&quot;100%&quot;,&quot;delay&quot;:&quot;0.1s&quot;}\" class=\"w-text us_custom_6571e3a1 has_scroll_effects icon_atleft\"><span class=\"w-text-h\"><i class=\"fas fa-check-circle\"><\/i><span class=\"w-text-value\">Paso 2<\/span><\/span><\/h2><h2 data-us-scroll=\"{&quot;from_initial_position&quot;:&quot;0&quot;,&quot;start_position&quot;:&quot;1%&quot;,&quot;end_position&quot;:&quot;100%&quot;,&quot;delay&quot;:&quot;0.1s&quot;}\" class=\"w-text us_custom_785e50b2 has_scroll_effects\"><span class=\"w-text-h\"><span class=\"w-text-value\">Escaneo intraoral 3D para diagn\u00f3stico y planificaci\u00f3n<\/span><\/span><\/h2><div class=\"wpb_text_column\"><div class=\"wpb_wrapper\"><p class=\"p1\">Utilizamos un <strong>esc\u00e1ner intraoral 3D<\/strong> que nos permite diagnosticar con precisi\u00f3n el estado de su boca. Con esta informaci\u00f3n, creamos una gu\u00eda quir\u00fargica personalizada que garantiza un procedimiento exitoso y preciso.<\/p>\n<\/div><\/div><\/div><\/div><\/div><\/div><\/section><section class=\"l-section wpb_row height_auto width_full color_alternate\"><div class=\"l-section-h i-cf\"><div class=\"g-cols vc_row via_grid cols_2 laptops-cols_inherit tablets-cols_1 mobiles-cols_1 valign_middle type_boxes reversed\" style=\"--gap:0rem;\"><div data-us-scroll=\"{&quot;from_initial_position&quot;:&quot;0&quot;,&quot;start_position&quot;:&quot;0%&quot;,&quot;end_position&quot;:&quot;100%&quot;,&quot;delay&quot;:&quot;0.1s&quot;,&quot;translate_y_direction&quot;:&quot;up&quot;,&quot;translate_y_speed&quot;:&quot;0.4x&quot;}\" class=\"wpb_column vc_column_container us_custom_fc4a560c has_scroll_effects has_translate_y\"><div class=\"vc_column-inner\"><h2 data-us-scroll=\"{&quot;from_initial_position&quot;:&quot;0&quot;,&quot;start_position&quot;:&quot;1%&quot;,&quot;end_position&quot;:&quot;100%&quot;,&quot;delay&quot;:&quot;0.1s&quot;}\" class=\"w-text us_custom_6571e3a1 has_scroll_effects icon_atleft\"><span class=\"w-text-h\"><i class=\"fas fa-check-circle\"><\/i><span class=\"w-text-value\">Paso 3<\/span><\/span><\/h2><h2 data-us-scroll=\"{&quot;from_initial_position&quot;:&quot;0&quot;,&quot;start_position&quot;:&quot;1%&quot;,&quot;end_position&quot;:&quot;100%&quot;,&quot;delay&quot;:&quot;0.1s&quot;}\" class=\"w-text us_custom_785e50b2 has_scroll_effects\"><span class=\"w-text-h\"><span class=\"w-text-value\">Radiograf\u00edas y plan personalizado para tu tratamiento<\/span><\/span><\/h2><div class=\"wpb_text_column\"><div class=\"wpb_wrapper\"><p class=\"p1\">Gracias a un diagn\u00f3stico preciso y la colocaci\u00f3n estrat\u00e9gica de los implantes, el procedimiento se realiza de manera r\u00e1pida y con la m\u00e1xima precisi\u00f3n, <strong>asegurando una sonrisa brillante en menos tiempo.<\/strong><\/p>\n<\/div><\/div><\/div><\/div><div class=\"wpb_column vc_column_container us_custom_3c0db8d8 has_bg_color\"><div class=\"vc_column-inner\"><\/div><\/div><\/div><\/div><\/section><section class=\"l-section wpb_row height_auto width_full color_alternate\" id=\"custom\"><div class=\"l-section-h i-cf\"><div class=\"g-cols vc_row via_grid cols_2 laptops-cols_inherit tablets-cols_1 mobiles-cols_1 valign_middle type_boxes\" style=\"--gap:0rem;\"><div class=\"wpb_column vc_column_container us_custom_de50a84f has_bg_color\"><div class=\"vc_column-inner\"><\/div><\/div><div data-us-scroll=\"{&quot;from_initial_position&quot;:&quot;0&quot;,&quot;start_position&quot;:&quot;0%&quot;,&quot;end_position&quot;:&quot;100%&quot;,&quot;delay&quot;:&quot;0.1s&quot;,&quot;translate_y_direction&quot;:&quot;up&quot;,&quot;translate_y_speed&quot;:&quot;0.4x&quot;}\" class=\"wpb_column vc_column_container us_custom_fc4a560c has_scroll_effects has_translate_y\"><div class=\"vc_column-inner\"><h2 data-us-scroll=\"{&quot;from_initial_position&quot;:&quot;0&quot;,&quot;start_position&quot;:&quot;1%&quot;,&quot;end_position&quot;:&quot;100%&quot;,&quot;delay&quot;:&quot;0.1s&quot;}\" class=\"w-text us_custom_6571e3a1 has_scroll_effects icon_atleft\"><span class=\"w-text-h\"><i class=\"fas fa-check-circle\"><\/i><span class=\"w-text-value\">Paso 4<\/span><\/span><\/h2><h2 data-us-scroll=\"{&quot;from_initial_position&quot;:&quot;0&quot;,&quot;start_position&quot;:&quot;1%&quot;,&quot;end_position&quot;:&quot;100%&quot;,&quot;delay&quot;:&quot;0.1s&quot;}\" class=\"w-text us_custom_785e50b2 has_scroll_effects\"><span class=\"w-text-h\"><span class=\"w-text-value\">Colocaci\u00f3n inmediata del puente provisional<\/span><\/span><\/h2><div class=\"wpb_text_column\"><div class=\"wpb_wrapper\"><p class=\"p1\">El mismo d\u00eda de la cirug\u00eda, colocamos un puente provisional personalizado, lo que te <strong>permitir\u00e1 continuar con tu vida diaria sin interrupciones<\/strong>. Una vez que los implantes hayan cicatrizado, se colocar\u00e1 la pr\u00f3tesis permanente, completando el tratamiento de forma definitiva.<\/p>\n<\/div><\/div><\/div><\/div><\/div><\/div><\/section><section class=\"l-section wpb_row us_custom_623ba360 height_custom\"><div class=\"l-section-h i-cf\"><div class=\"g-cols vc_row via_grid cols_1 laptops-cols_inherit tablets-cols_inherit mobiles-cols_1 valign_top type_default stacking_default\"><div class=\"wpb_column vc_column_container\"><div class=\"vc_column-inner\"><div class=\"wpb_text_column us_custom_6df4bc3a has_text_color\"><div class=\"wpb_wrapper\"><h3 style=\"text-align: center;\">\u00bfPor qu\u00e9 es recomendable elegir la tecnolog\u00eda LEENDE Full Arch para tus implantes dentales?<\/h3>\n<\/div><\/div><div class=\"w-separator size_medium\"><\/div><div class=\"g-cols wpb_row via_grid cols_4 laptops-cols_inherit tablets-cols_inherit mobiles-cols_1 valign_top type_default stacking_default\" style=\"--gap:3rem;\"><div class=\"wpb_column vc_column_container\"><div class=\"vc_column-inner\"><div class=\"w-iconbox us_custom_6df4bc3a has_text_color iconpos_top style_default color_primary align_center no_text icontype_img\"><div class=\"w-iconbox-icon\" style=\"font-size:6rem;\"><img loading=\"lazy\" decoding=\"async\" width=\"300\" height=\"300\" src=\"https:\/\/leende.mx\/ad\/wp-content\/uploads\/2024\/10\/Diseno-sin-titulo-8.png\" class=\"attachment-full size-full\" alt=\"\" srcset=\"https:\/\/leende.mx\/ad\/wp-content\/uploads\/2024\/10\/Diseno-sin-titulo-8.png 300w, https:\/\/leende.mx\/ad\/wp-content\/uploads\/2024\/10\/Diseno-sin-titulo-8-150x150.png 150w, https:\/\/leende.mx\/ad\/wp-content\/uploads\/2024\/10\/Diseno-sin-titulo-8-75x75.png 75w\" sizes=\"auto, (max-width: 300px) 100vw, 300px\" \/><\/div><div class=\"w-iconbox-meta\"><h5 class=\"w-iconbox-title\">Ahorro y Eficiencia<\/h5><\/div><\/div><\/div><\/div><div class=\"wpb_column vc_column_container\"><div class=\"vc_column-inner\"><div class=\"w-iconbox us_custom_6df4bc3a has_text_color iconpos_top style_default color_primary align_center no_text icontype_img\"><div class=\"w-iconbox-icon\" style=\"font-size:6rem;\"><img loading=\"lazy\" decoding=\"async\" width=\"300\" height=\"300\" src=\"https:\/\/leende.mx\/ad\/wp-content\/uploads\/2024\/10\/Diseno-sin-titulo-9.png\" class=\"attachment-full size-full\" alt=\"\" srcset=\"https:\/\/leende.mx\/ad\/wp-content\/uploads\/2024\/10\/Diseno-sin-titulo-9.png 300w, https:\/\/leende.mx\/ad\/wp-content\/uploads\/2024\/10\/Diseno-sin-titulo-9-150x150.png 150w, https:\/\/leende.mx\/ad\/wp-content\/uploads\/2024\/10\/Diseno-sin-titulo-9-75x75.png 75w\" sizes=\"auto, (max-width: 300px) 100vw, 300px\" \/><\/div><div class=\"w-iconbox-meta\"><h5 class=\"w-iconbox-title\">Recuperaci\u00f3n R\u00e1pida y Tratamiento M\u00e1s Corto<\/h5><\/div><\/div><\/div><\/div><div class=\"wpb_column vc_column_container\"><div class=\"vc_column-inner\"><div class=\"w-iconbox us_custom_6df4bc3a has_text_color iconpos_top style_default color_primary align_center no_text icontype_img\"><div class=\"w-iconbox-icon\" style=\"font-size:6rem;\"><img loading=\"lazy\" decoding=\"async\" width=\"300\" height=\"300\" src=\"https:\/\/leende.mx\/ad\/wp-content\/uploads\/2024\/10\/Boca.png\" class=\"attachment-full size-full\" alt=\"\" srcset=\"https:\/\/leende.mx\/ad\/wp-content\/uploads\/2024\/10\/Boca.png 300w, https:\/\/leende.mx\/ad\/wp-content\/uploads\/2024\/10\/Boca-150x150.png 150w, https:\/\/leende.mx\/ad\/wp-content\/uploads\/2024\/10\/Boca-75x75.png 75w\" sizes=\"auto, (max-width: 300px) 100vw, 300px\" \/><\/div><div class=\"w-iconbox-meta\"><h5 class=\"w-iconbox-title\">Pr\u00f3tesis Fija sin Movimientos<\/h5><\/div><\/div><\/div><\/div><div class=\"wpb_column vc_column_container\"><div class=\"vc_column-inner\"><div class=\"w-iconbox us_custom_6df4bc3a has_text_color iconpos_top style_default color_primary align_center no_text icontype_img\"><div class=\"w-iconbox-icon\" style=\"font-size:6rem;\"><img loading=\"lazy\" decoding=\"async\" width=\"300\" height=\"300\" src=\"https:\/\/leende.mx\/ad\/wp-content\/uploads\/2024\/10\/Plato-tener-y-cuchillo-1.png\" class=\"attachment-full size-full\" alt=\"\" srcset=\"https:\/\/leende.mx\/ad\/wp-content\/uploads\/2024\/10\/Plato-tener-y-cuchillo-1.png 300w, https:\/\/leende.mx\/ad\/wp-content\/uploads\/2024\/10\/Plato-tener-y-cuchillo-1-150x150.png 150w, https:\/\/leende.mx\/ad\/wp-content\/uploads\/2024\/10\/Plato-tener-y-cuchillo-1-75x75.png 75w\" sizes=\"auto, (max-width: 300px) 100vw, 300px\" \/><\/div><div class=\"w-iconbox-meta\"><h5 class=\"w-iconbox-title\">Comes el Mismo D\u00eda<\/h5><\/div><\/div><\/div><\/div><\/div><div class=\"w-separator size_medium\"><\/div><div class=\"w-btn-wrapper align_center\"><a class=\"w-btn us-btn-style_1\" href=\"https:\/\/wa.me\/5218112161510\"><span class=\"w-btn-label\">Agenda tu Cita<\/span><\/a><\/div><\/div><\/div><\/div><\/div><\/section><section class=\"l-section wpb_row height_huge\"><div class=\"l-section-h i-cf\"><div class=\"g-cols vc_row via_grid cols_1 laptops-cols_inherit tablets-cols_inherit mobiles-cols_1 valign_top type_default stacking_default\"><div data-us-scroll=\"{&quot;from_initial_position&quot;:&quot;0&quot;,&quot;start_position&quot;:&quot;25%&quot;,&quot;end_position&quot;:&quot;100%&quot;,&quot;delay&quot;:&quot;0.1s&quot;,&quot;translate_y_direction&quot;:&quot;down&quot;,&quot;translate_y_speed&quot;:&quot;0.2x&quot;}\" class=\"wpb_column vc_column_container has_scroll_effects has_translate_y\"><div class=\"vc_column-inner\"><div class=\"wpb_text_column\"><div class=\"wpb_wrapper\"><h2 style=\"text-align: center;\">Leende en Televisa: <strong>Liderando el Cuidado Dental con Autoridad<\/strong><\/h2>\n<\/div><\/div><div class=\"w-separator size_medium with_line width_30 thick_1 style_solid color_border align_center with_content\"><div class=\"w-separator-h\"><i class=\"far fa-star\"><\/i><\/div><\/div><div class=\"g-cols wpb_row via_grid cols_3 laptops-cols_inherit tablets-cols_inherit mobiles-cols_1 valign_top type_default stacking_default\" style=\"--gap:3rem;\"><div class=\"wpb_column vc_column_container\"><div class=\"vc_column-inner\"><div class=\"w-video align_none ratio_9x16 with_overlay\" style=\"background-image:url(https:\/\/leende.mx\/ad\/wp-content\/uploads\/2024\/08\/Entrevista-2.png);\" onclick=\"return {&quot;player_html&quot;:&quot;&lt;iframe title=\\&quot;Entrevista en Televisa Leende #Shorts\\&quot; width=\\&quot;640\\&quot; height=\\&quot;360\\&quot; src=\\&quot;https:\\\/\\\/www.youtube.com\\\/embed\\\/UwCbTDAWkUM?feature=oembed\\&quot; frameborder=\\&quot;0\\&quot; allow=\\&quot;accelerometer; autoplay; clipboard-write; encrypted-media; gyroscope; picture-in-picture; web-share\\&quot; referrerpolicy=\\&quot;strict-origin-when-cross-origin\\&quot; allowfullscreen&gt;&lt;\\\/iframe&gt;&quot;}\"><div class=\"w-video-h\"><iframe loading=\"lazy\" title=\"Entrevista en Televisa Leende #Shorts\" width=\"640\" height=\"360\" src=\"https:\/\/www.youtube.com\/embed\/UwCbTDAWkUM?feature=oembed\" frameborder=\"0\" allow=\"accelerometer; autoplay; clipboard-write; encrypted-media; gyroscope; picture-in-picture; web-share\" referrerpolicy=\"strict-origin-when-cross-origin\" allowfullscreen><\/iframe><\/div><div class=\"w-video-icon\" style=\"font-size:1.5rem;background:#FF0000;color:var(--color-header-middle-bg)\"><\/div><\/div><\/div><\/div><div class=\"wpb_column vc_column_container\"><div class=\"vc_column-inner\"><div class=\"w-video align_none ratio_9x16 with_overlay\" style=\"background-image:url(https:\/\/leende.mx\/ad\/wp-content\/uploads\/2024\/08\/Entrevista-1.png);\" onclick=\"return {&quot;player_html&quot;:&quot;&lt;iframe title=\\&quot;Entrevista 2 Televisa Leende\\&quot; width=\\&quot;640\\&quot; height=\\&quot;360\\&quot; src=\\&quot;https:\\\/\\\/www.youtube.com\\\/embed\\\/JsCaqIdJ9Mw?feature=oembed\\&quot; frameborder=\\&quot;0\\&quot; allow=\\&quot;accelerometer; autoplay; clipboard-write; encrypted-media; gyroscope; picture-in-picture; web-share\\&quot; referrerpolicy=\\&quot;strict-origin-when-cross-origin\\&quot; allowfullscreen&gt;&lt;\\\/iframe&gt;&quot;}\"><div class=\"w-video-h\"><iframe loading=\"lazy\" title=\"Entrevista 2 Televisa Leende\" width=\"640\" height=\"360\" src=\"https:\/\/www.youtube.com\/embed\/JsCaqIdJ9Mw?feature=oembed\" frameborder=\"0\" allow=\"accelerometer; autoplay; clipboard-write; encrypted-media; gyroscope; picture-in-picture; web-share\" referrerpolicy=\"strict-origin-when-cross-origin\" allowfullscreen><\/iframe><\/div><div class=\"w-video-icon\" style=\"font-size:1.5rem;background:#FF0000;color:#ffffff\"><\/div><\/div><\/div><\/div><div class=\"wpb_column vc_column_container\"><div class=\"vc_column-inner\"><div class=\"w-video align_none ratio_9x16 with_overlay\" style=\"background-image:url(https:\/\/leende.mx\/ad\/wp-content\/uploads\/2024\/08\/Entrevista-3.png);\" onclick=\"return {&quot;player_html&quot;:&quot;&lt;iframe title=\\&quot;Entrevista Televisa Dr Roberto Leende\\&quot; width=\\&quot;640\\&quot; height=\\&quot;360\\&quot; src=\\&quot;https:\\\/\\\/www.youtube.com\\\/embed\\\/q2mxla4YD6Q?feature=oembed\\&quot; frameborder=\\&quot;0\\&quot; allow=\\&quot;accelerometer; autoplay; clipboard-write; encrypted-media; gyroscope; picture-in-picture; web-share\\&quot; referrerpolicy=\\&quot;strict-origin-when-cross-origin\\&quot; allowfullscreen&gt;&lt;\\\/iframe&gt;&quot;}\"><div class=\"w-video-h\"><iframe loading=\"lazy\" title=\"Entrevista Televisa Dr Roberto Leende\" width=\"640\" height=\"360\" src=\"https:\/\/www.youtube.com\/embed\/q2mxla4YD6Q?feature=oembed\" frameborder=\"0\" allow=\"accelerometer; autoplay; clipboard-write; encrypted-media; gyroscope; picture-in-picture; web-share\" referrerpolicy=\"strict-origin-when-cross-origin\" allowfullscreen><\/iframe><\/div><div class=\"w-video-icon\" style=\"font-size:1.5rem;background:#FF0000;color:#ffffff\"><\/div><\/div><\/div><\/div><\/div><\/div><\/div><\/div><\/div><\/section><section class=\"l-section wpb_row height_custom with_img\"><div class=\"l-section-img\" role=\"img\" data-img-width=\"2560\" data-img-height=\"1707\" style=\"background-image: url(https:\/\/leende.mx\/ad\/wp-content\/uploads\/2024\/08\/Leende-InteriorDetalle-AGGA-ARQ-ENE23-03-scaled.jpg);\"><\/div><div class=\"l-section-overlay\" style=\"background:rgba(0,0,0,0.55)\"><\/div><div class=\"l-section-h i-cf\"><div class=\"g-cols vc_row via_grid cols_2 laptops-cols_inherit tablets-cols_inherit mobiles-cols_1 valign_top type_default stacking_default\"><div class=\"wpb_column vc_column_container\"><div class=\"vc_column-inner\"><div class=\"wpb_text_column\"><div class=\"wpb_wrapper\"><p><iframe loading=\"lazy\" style=\"border: 0;\" src=\"https:\/\/www.google.com\/maps\/embed?pb=!1m18!1m12!1m3!1d3596.297875311811!2d-100.36866002514736!3d25.66141861274263!2m3!1f0!2f0!3f0!3m2!1i1024!2i768!4f13.1!3m3!1m2!1s0x8662bd28ec72da21%3A0x34b80597532cf524!2sLeende%20Advanced%20Dental%20Center!5e0!3m2!1ses-419!2smx!4v1688660519688!5m2!1ses-419!2smx\" width=\"100%\" height=\"450\" allowfullscreen=\"allowfullscreen\"><\/iframe><\/p>\n<\/div><\/div><div class=\"w-separator size_medium\"><\/div><\/div><\/div><div class=\"wpb_column vc_column_container\"><div class=\"vc_column-inner\"><div class=\"wpb_text_column\"><div class=\"wpb_wrapper\"><h2 style=\"text-align: center;\"><span style=\"color: #ffffff;\"><strong>LEENDE ADVANCED DENTAL CENTER<\/strong><\/span><\/h2>\n<p style=\"text-align: center;\"><span style=\"color: #ffffff;\"><strong>RI\u0301O GUADALQUIVIR 113, COL. DEL VALLE OTE., C.P. 66220, SAN PEDRO GARZA GARCI\u0301A, NUEVO LEO\u0301N, ME\u0301XICO<\/strong><\/span><\/p>\n<\/div><\/div><div class=\"w-btn-wrapper align_center\"><a class=\"w-btn us-btn-style_1 icon_atleft\" href=\"https:\/\/wa.me\/5218112161510\"><i class=\"fas fa-mobile-alt\"><\/i><span class=\"w-btn-label\">Agenda tu Cita<\/span><\/a><\/div><\/div><\/div><\/div><\/div><\/section>\n","protected":false},"excerpt":{"rendered":"IMPLANTES DENTALES Recupera tu Sonrisa No, seriously. Slider Revolution is revolutionizing the way you can present your websites most vital information. Build striking and highly usable presentations in no time.COOL. LET'S GO! WHO DOESN'T LOVE CATS? Contactanos Implantes Dentales con Resultados R\u00e1pidos y Precisos Descubre c\u00f3mo transformar tu sonrisa en 4 pasos sencillos. [vc_custom_heading text=\"Menos...","protected":false},"author":1,"featured_media":0,"parent":0,"menu_order":0,"comment_status":"closed","ping_status":"closed","template":"","meta":{"_acf_changed":false,"footnotes":""},"class_list":["post-8980","page","type-page","status-publish","hentry"],"acf":[],"_links":{"self":[{"href":"https:\/\/leende.mx\/ad\/wp-json\/wp\/v2\/pages\/8980","targetHints":{"allow":["GET"]}}],"collection":[{"href":"https:\/\/leende.mx\/ad\/wp-json\/wp\/v2\/pages"}],"about":[{"href":"https:\/\/leende.mx\/ad\/wp-json\/wp\/v2\/types\/page"}],"author":[{"embeddable":true,"href":"https:\/\/leende.mx\/ad\/wp-json\/wp\/v2\/users\/1"}],"replies":[{"embeddable":true,"href":"https:\/\/leende.mx\/ad\/wp-json\/wp\/v2\/comments?post=8980"}],"version-history":[{"count":81,"href":"https:\/\/leende.mx\/ad\/wp-json\/wp\/v2\/pages\/8980\/revisions"}],"predecessor-version":[{"id":9572,"href":"https:\/\/leende.mx\/ad\/wp-json\/wp\/v2\/pages\/8980\/revisions\/9572"}],"wp:attachment":[{"href":"https:\/\/leende.mx\/ad\/wp-json\/wp\/v2\/media?parent=8980"}],"curies":[{"name":"wp","href":"https:\/\/api.w.org\/{rel}","templated":true}]}}