{"id":9356,"date":"2024-12-11T20:07:23","date_gmt":"2024-12-11T20:07:23","guid":{"rendered":"https:\/\/leende.mx\/ad\/?page_id=9356"},"modified":"2026-05-05T12:25:52","modified_gmt":"2026-05-05T12:25:52","slug":"instalaciones","status":"publish","type":"page","link":"https:\/\/leende.mx\/ad\/instalaciones\/","title":{"rendered":"Instalaciones"},"content":{"rendered":"<section class=\"l-section wpb_row height_custom\"><div class=\"l-section-h i-cf\"><div class=\"g-cols vc_row via_grid cols_1 laptops-cols_inherit tablets-cols_inherit mobiles-cols_1 valign_top type_default stacking_default\"><div class=\"wpb_column vc_column_container\"><div class=\"vc_column-inner\"><div class=\"wpb_text_column\"><div class=\"wpb_wrapper\"><h2 style=\"text-align: center;\">El Espacio Perfecto para Cuidar tu Sonrisa<\/h2>\n<\/div><\/div><div class=\"w-separator size_medium\"><\/div><div class=\"w-gallery fit_cover type_metro_2 ratio_1x1 count_6\" style=\"--columns:4;--items-gap:10px;\"><div class=\"w-gallery-list\"><div class=\"w-gallery-item\"><div class=\"w-gallery-item-img\"><img loading=\"lazy\" decoding=\"async\" width=\"1024\" height=\"982\" src=\"https:\/\/leende.mx\/ad\/wp-content\/uploads\/2024\/12\/Leende-INTALAciones-carrusel-07-1-1024x982.png\" class=\"attachment-large size-large\" alt=\"\" srcset=\"https:\/\/leende.mx\/ad\/wp-content\/uploads\/2024\/12\/Leende-INTALAciones-carrusel-07-1-1024x982.png 1024w, https:\/\/leende.mx\/ad\/wp-content\/uploads\/2024\/12\/Leende-INTALAciones-carrusel-07-1-300x288.png 300w, https:\/\/leende.mx\/ad\/wp-content\/uploads\/2024\/12\/Leende-INTALAciones-carrusel-07-1-600x575.png 600w, https:\/\/leende.mx\/ad\/wp-content\/uploads\/2024\/12\/Leende-INTALAciones-carrusel-07-1.png 1170w\" sizes=\"auto, (max-width: 1024px) 100vw, 1024px\" \/><\/div><\/div><div class=\"w-gallery-item\"><div class=\"w-gallery-item-img\"><img loading=\"lazy\" decoding=\"async\" width=\"1024\" height=\"982\" src=\"https:\/\/leende.mx\/ad\/wp-content\/uploads\/2024\/12\/Leende-INTALAciones-carrusel-10-1024x982.png\" class=\"attachment-large size-large\" alt=\"\" srcset=\"https:\/\/leende.mx\/ad\/wp-content\/uploads\/2024\/12\/Leende-INTALAciones-carrusel-10-1024x982.png 1024w, https:\/\/leende.mx\/ad\/wp-content\/uploads\/2024\/12\/Leende-INTALAciones-carrusel-10-300x288.png 300w, https:\/\/leende.mx\/ad\/wp-content\/uploads\/2024\/12\/Leende-INTALAciones-carrusel-10-600x575.png 600w, https:\/\/leende.mx\/ad\/wp-content\/uploads\/2024\/12\/Leende-INTALAciones-carrusel-10.png 1170w\" sizes=\"auto, (max-width: 1024px) 100vw, 1024px\" \/><\/div><\/div><div class=\"w-gallery-item\"><div class=\"w-gallery-item-img\"><img loading=\"lazy\" decoding=\"async\" width=\"1024\" height=\"982\" src=\"https:\/\/leende.mx\/ad\/wp-content\/uploads\/2024\/12\/Leende-INTALAciones-carrusel-12-1024x982.png\" class=\"attachment-large size-large\" alt=\"\" srcset=\"https:\/\/leende.mx\/ad\/wp-content\/uploads\/2024\/12\/Leende-INTALAciones-carrusel-12-1024x982.png 1024w, https:\/\/leende.mx\/ad\/wp-content\/uploads\/2024\/12\/Leende-INTALAciones-carrusel-12-300x288.png 300w, https:\/\/leende.mx\/ad\/wp-content\/uploads\/2024\/12\/Leende-INTALAciones-carrusel-12-600x575.png 600w, https:\/\/leende.mx\/ad\/wp-content\/uploads\/2024\/12\/Leende-INTALAciones-carrusel-12.png 1170w\" sizes=\"auto, (max-width: 1024px) 100vw, 1024px\" \/><\/div><\/div><div class=\"w-gallery-item\"><div class=\"w-gallery-item-img\"><img loading=\"lazy\" decoding=\"async\" width=\"1024\" height=\"1024\" src=\"https:\/\/leende.mx\/ad\/wp-content\/uploads\/2024\/12\/03-leende-consultorios-1024x1024.png\" class=\"attachment-large size-large\" alt=\"\" srcset=\"https:\/\/leende.mx\/ad\/wp-content\/uploads\/2024\/12\/03-leende-consultorios-1024x1024.png 1024w, https:\/\/leende.mx\/ad\/wp-content\/uploads\/2024\/12\/03-leende-consultorios-300x300.png 300w, https:\/\/leende.mx\/ad\/wp-content\/uploads\/2024\/12\/03-leende-consultorios-150x150.png 150w, https:\/\/leende.mx\/ad\/wp-content\/uploads\/2024\/12\/03-leende-consultorios-75x75.png 75w, https:\/\/leende.mx\/ad\/wp-content\/uploads\/2024\/12\/03-leende-consultorios-600x600.png 600w, https:\/\/leende.mx\/ad\/wp-content\/uploads\/2024\/12\/03-leende-consultorios.png 1080w\" sizes=\"auto, (max-width: 1024px) 100vw, 1024px\" \/><\/div><\/div><div class=\"w-gallery-item\"><div class=\"w-gallery-item-img\"><img loading=\"lazy\" decoding=\"async\" width=\"1024\" height=\"1024\" src=\"https:\/\/leende.mx\/ad\/wp-content\/uploads\/2024\/12\/04-leende-consultorios-1024x1024.png\" class=\"attachment-large size-large\" alt=\"\" srcset=\"https:\/\/leende.mx\/ad\/wp-content\/uploads\/2024\/12\/04-leende-consultorios-1024x1024.png 1024w, https:\/\/leende.mx\/ad\/wp-content\/uploads\/2024\/12\/04-leende-consultorios-300x300.png 300w, https:\/\/leende.mx\/ad\/wp-content\/uploads\/2024\/12\/04-leende-consultorios-150x150.png 150w, https:\/\/leende.mx\/ad\/wp-content\/uploads\/2024\/12\/04-leende-consultorios-75x75.png 75w, https:\/\/leende.mx\/ad\/wp-content\/uploads\/2024\/12\/04-leende-consultorios-600x600.png 600w, https:\/\/leende.mx\/ad\/wp-content\/uploads\/2024\/12\/04-leende-consultorios.png 1080w\" sizes=\"auto, (max-width: 1024px) 100vw, 1024px\" \/><\/div><\/div><div class=\"w-gallery-item\"><div class=\"w-gallery-item-img\"><img loading=\"lazy\" decoding=\"async\" width=\"1024\" height=\"1024\" src=\"https:\/\/leende.mx\/ad\/wp-content\/uploads\/2024\/12\/02-leende-radiologia-1024x1024.png\" class=\"attachment-large size-large\" alt=\"\" srcset=\"https:\/\/leende.mx\/ad\/wp-content\/uploads\/2024\/12\/02-leende-radiologia-1024x1024.png 1024w, https:\/\/leende.mx\/ad\/wp-content\/uploads\/2024\/12\/02-leende-radiologia-300x300.png 300w, https:\/\/leende.mx\/ad\/wp-content\/uploads\/2024\/12\/02-leende-radiologia-150x150.png 150w, https:\/\/leende.mx\/ad\/wp-content\/uploads\/2024\/12\/02-leende-radiologia-75x75.png 75w, https:\/\/leende.mx\/ad\/wp-content\/uploads\/2024\/12\/02-leende-radiologia-600x600.png 600w, https:\/\/leende.mx\/ad\/wp-content\/uploads\/2024\/12\/02-leende-radiologia.png 1080w\" sizes=\"auto, (max-width: 1024px) 100vw, 1024px\" \/><\/div><\/div><\/div><\/div><\/div><\/div><\/div><\/div><\/section><section class=\"l-section wpb_row height_auto\" id=\"about\"><div class=\"l-section-h i-cf\"><div class=\"g-cols vc_row via_grid cols_2 laptops-cols_inherit tablets-cols_inherit mobiles-cols_1 valign_middle type_default stacking_default\"><div data-us-scroll=\"{&quot;from_initial_position&quot;:&quot;0&quot;,&quot;start_position&quot;:&quot;0%&quot;,&quot;end_position&quot;:&quot;100%&quot;,&quot;delay&quot;:&quot;0.1s&quot;,&quot;translate_y_direction&quot;:&quot;down&quot;,&quot;translate_y_speed&quot;:&quot;0.2x&quot;}\" class=\"wpb_column vc_column_container us_custom_289537ba has_scroll_effects has_translate_y\"><div class=\"vc_column-inner\"><div class=\"wpb_text_column\"><div class=\"wpb_wrapper\"><h2>QUEREMOS QUE TE SIENTAS COMO EN CASA.<\/h2>\n<p class=\"p1\">En Leende, redefinimos la experiencia de visitar al dentista. Nuestras instalaciones est\u00e1n meticulosamente dise\u00f1adas para ofrecer un ambiente c\u00f3modo y c\u00e1lido, haci\u00e9ndote sentir como en casa.<\/p>\n<p class=\"p1\"><b>Consultorios Acogedores<\/b><b><\/b><\/p>\n<p class=\"p1\">Cada espacio est\u00e1 pensado para tu confort, brindando una atm\u00f3sfera relajante que te permite vivir la experiencia Leende plenamente.<\/p>\n<p class=\"p1\"><b>\u00c1rea Exclusiva para Cirug\u00eda<\/b><b><\/b><\/p>\n<p class=\"p1\">Contamos con un \u00e1rea dedicada a procedimientos quir\u00fargicos, equipada con protocolos de bioseguridad y una sala de recuperaci\u00f3n donde podr\u00e1s descansar c\u00f3modamente despu\u00e9s de tu tratamiento.<\/p>\n<p class=\"p1\"><b>Tecnolog\u00eda de Vanguardia<\/b><b><\/b><\/p>\n<p class=\"p1\">Ofrecemos escaneo intraoral, radiograf\u00edas y tomograf\u00edas digitales en un solo lugar, sin necesidad de desplazarte. Nuestro centro radiol\u00f3gico nos permite obtener im\u00e1genes al instante, asegurando diagn\u00f3sticos precisos y eficientes.<\/p>\n<p class=\"p1\">En Leende, tu seguridad y comodidad son nuestra prioridad. Te invitamos a conocer nuestras instalaciones y descubrir c\u00f3mo transformamos el cuidado dental en una experiencia placentera.<\/p>\n<\/div><\/div><div class=\"w-separator size_small\"><\/div><div class=\"w-btn-wrapper align_center\"><a class=\"w-btn us-btn-style_1 icon_atleft\" href=\"https:\/\/wa.me\/5218112161510\"><i class=\"fas fa-mobile-alt\"><\/i><span class=\"w-btn-label\">Agenda tu Cita<\/span><\/a><\/div><div class=\"w-separator size_medium\"><\/div><\/div><\/div><div data-us-scroll=\"{&quot;from_initial_position&quot;:&quot;0&quot;,&quot;start_position&quot;:&quot;0%&quot;,&quot;end_position&quot;:&quot;100%&quot;,&quot;delay&quot;:&quot;0.1s&quot;,&quot;translate_y_direction&quot;:&quot;up&quot;,&quot;translate_y_speed&quot;:&quot;0.2x&quot;}\" class=\"wpb_column vc_column_container has_scroll_effects has_translate_y\"><div class=\"vc_column-inner\"><div class=\"w-video align_none ratio_9x16 has_iframe\"><div class=\"w-video-h\"><iframe title=\"Youtube video player\" src=\"\/\/www.youtube.com\/embed\/eFbHlq1yukk?autoplay=0&controls=1&origin=https:\/\/leende.mx\/ad&loop=0&mute=0\" allowfullscreen=\"1\" loading=\"lazy\"><\/iframe><\/div><div class=\"w-video-icon\" style=\"font-size:1.5rem;background:rgba(0,0,0,0.5);color:#fff\"><\/div><\/div><\/div><\/div><\/div><\/div><\/section>\n","protected":false},"excerpt":{"rendered":"El Espacio Perfecto para Cuidar tu Sonrisa QUEREMOS QUE TE SIENTAS COMO EN CASA. En Leende, redefinimos la experiencia de visitar al dentista. Nuestras instalaciones est\u00e1n meticulosamente dise\u00f1adas para ofrecer un ambiente c\u00f3modo y c\u00e1lido, haci\u00e9ndote sentir como en casa. Consultorios Acogedores Cada espacio est\u00e1 pensado para tu confort, brindando una atm\u00f3sfera relajante que te...","protected":false},"author":1,"featured_media":0,"parent":0,"menu_order":0,"comment_status":"closed","ping_status":"closed","template":"","meta":{"_acf_changed":false,"footnotes":""},"class_list":["post-9356","page","type-page","status-publish","hentry"],"acf":[],"_links":{"self":[{"href":"https:\/\/leende.mx\/ad\/wp-json\/wp\/v2\/pages\/9356","targetHints":{"allow":["GET"]}}],"collection":[{"href":"https:\/\/leende.mx\/ad\/wp-json\/wp\/v2\/pages"}],"about":[{"href":"https:\/\/leende.mx\/ad\/wp-json\/wp\/v2\/types\/page"}],"author":[{"embeddable":true,"href":"https:\/\/leende.mx\/ad\/wp-json\/wp\/v2\/users\/1"}],"replies":[{"embeddable":true,"href":"https:\/\/leende.mx\/ad\/wp-json\/wp\/v2\/comments?post=9356"}],"version-history":[{"count":37,"href":"https:\/\/leende.mx\/ad\/wp-json\/wp\/v2\/pages\/9356\/revisions"}],"predecessor-version":[{"id":9569,"href":"https:\/\/leende.mx\/ad\/wp-json\/wp\/v2\/pages\/9356\/revisions\/9569"}],"wp:attachment":[{"href":"https:\/\/leende.mx\/ad\/wp-json\/wp\/v2\/media?parent=9356"}],"curies":[{"name":"wp","href":"https:\/\/api.w.org\/{rel}","templated":true}]}}