{"id":9414,"date":"2024-12-12T21:29:47","date_gmt":"2024-12-12T21:29:47","guid":{"rendered":"https:\/\/leende.mx\/ad\/?page_id=9414"},"modified":"2025-10-09T17:28:58","modified_gmt":"2025-10-09T17:28:58","slug":"quienes-somos","status":"publish","type":"page","link":"https:\/\/leende.mx\/ad\/quienes-somos\/","title":{"rendered":"Qui\u00e9nes Somos"},"content":{"rendered":"<section class=\"l-section wpb_row height_custom\"><div class=\"l-section-h i-cf\"><div class=\"g-cols vc_row via_grid cols_1 laptops-cols_inherit tablets-cols_inherit mobiles-cols_1 valign_top type_default stacking_default\"><div class=\"wpb_column vc_column_container\"><div class=\"vc_column-inner\"><div class=\"w-gallery fit_cover type_grid ratio_1x1 count_10\" style=\"--columns:5;--items-gap:10px;\"><div class=\"w-gallery-list\"><div class=\"w-gallery-item\"><div class=\"w-gallery-item-img\"><img loading=\"lazy\" decoding=\"async\" width=\"450\" height=\"600\" src=\"https:\/\/leende.mx\/ad\/wp-content\/uploads\/2024\/10\/2.png\" class=\"attachment-large size-large\" alt=\"\" srcset=\"https:\/\/leende.mx\/ad\/wp-content\/uploads\/2024\/10\/2.png 450w, https:\/\/leende.mx\/ad\/wp-content\/uploads\/2024\/10\/2-225x300.png 225w\" sizes=\"auto, (max-width: 450px) 100vw, 450px\" \/><\/div><\/div><div class=\"w-gallery-item\"><div class=\"w-gallery-item-img\"><img loading=\"lazy\" decoding=\"async\" width=\"450\" height=\"600\" src=\"https:\/\/leende.mx\/ad\/wp-content\/uploads\/2024\/10\/3-2.png\" class=\"attachment-large size-large\" alt=\"\" srcset=\"https:\/\/leende.mx\/ad\/wp-content\/uploads\/2024\/10\/3-2.png 450w, https:\/\/leende.mx\/ad\/wp-content\/uploads\/2024\/10\/3-2-225x300.png 225w\" sizes=\"auto, (max-width: 450px) 100vw, 450px\" \/><\/div><\/div><div class=\"w-gallery-item\"><div class=\"w-gallery-item-img\"><img loading=\"lazy\" decoding=\"async\" width=\"450\" height=\"600\" src=\"https:\/\/leende.mx\/ad\/wp-content\/uploads\/2024\/10\/doctores-1.png\" class=\"attachment-large size-large\" alt=\"\" srcset=\"https:\/\/leende.mx\/ad\/wp-content\/uploads\/2024\/10\/doctores-1.png 450w, https:\/\/leende.mx\/ad\/wp-content\/uploads\/2024\/10\/doctores-1-225x300.png 225w\" sizes=\"auto, (max-width: 450px) 100vw, 450px\" \/><\/div><\/div><div class=\"w-gallery-item\"><div class=\"w-gallery-item-img\"><img loading=\"lazy\" decoding=\"async\" width=\"450\" height=\"600\" src=\"https:\/\/leende.mx\/ad\/wp-content\/uploads\/2024\/10\/Chaoquet-M.-Jezzini-C.png\" class=\"attachment-large size-large\" alt=\"\" srcset=\"https:\/\/leende.mx\/ad\/wp-content\/uploads\/2024\/10\/Chaoquet-M.-Jezzini-C.png 450w, https:\/\/leende.mx\/ad\/wp-content\/uploads\/2024\/10\/Chaoquet-M.-Jezzini-C-225x300.png 225w\" sizes=\"auto, (max-width: 450px) 100vw, 450px\" \/><\/div><\/div><div class=\"w-gallery-item\"><div class=\"w-gallery-item-img\"><img loading=\"lazy\" decoding=\"async\" width=\"450\" height=\"600\" src=\"https:\/\/leende.mx\/ad\/wp-content\/uploads\/2024\/10\/4.png\" class=\"attachment-large size-large\" alt=\"\" srcset=\"https:\/\/leende.mx\/ad\/wp-content\/uploads\/2024\/10\/4.png 450w, https:\/\/leende.mx\/ad\/wp-content\/uploads\/2024\/10\/4-225x300.png 225w\" sizes=\"auto, (max-width: 450px) 100vw, 450px\" \/><\/div><\/div><div class=\"w-gallery-item\"><div class=\"w-gallery-item-img\"><img loading=\"lazy\" decoding=\"async\" width=\"450\" height=\"600\" src=\"https:\/\/leende.mx\/ad\/wp-content\/uploads\/2024\/12\/6.png\" class=\"attachment-large size-large\" alt=\"\" srcset=\"https:\/\/leende.mx\/ad\/wp-content\/uploads\/2024\/12\/6.png 450w, https:\/\/leende.mx\/ad\/wp-content\/uploads\/2024\/12\/6-225x300.png 225w\" sizes=\"auto, (max-width: 450px) 100vw, 450px\" \/><\/div><\/div><div class=\"w-gallery-item\"><div class=\"w-gallery-item-img\"><img loading=\"lazy\" decoding=\"async\" width=\"450\" height=\"600\" src=\"https:\/\/leende.mx\/ad\/wp-content\/uploads\/2024\/12\/7.png\" class=\"attachment-large size-large\" alt=\"\" srcset=\"https:\/\/leende.mx\/ad\/wp-content\/uploads\/2024\/12\/7.png 450w, https:\/\/leende.mx\/ad\/wp-content\/uploads\/2024\/12\/7-225x300.png 225w\" sizes=\"auto, (max-width: 450px) 100vw, 450px\" \/><\/div><\/div><div class=\"w-gallery-item\"><div class=\"w-gallery-item-img\"><img loading=\"lazy\" decoding=\"async\" width=\"450\" height=\"600\" src=\"https:\/\/leende.mx\/ad\/wp-content\/uploads\/2025\/08\/8.png\" class=\"attachment-large size-large\" alt=\"\" srcset=\"https:\/\/leende.mx\/ad\/wp-content\/uploads\/2025\/08\/8.png 450w, https:\/\/leende.mx\/ad\/wp-content\/uploads\/2025\/08\/8-225x300.png 225w\" sizes=\"auto, (max-width: 450px) 100vw, 450px\" \/><\/div><\/div><div class=\"w-gallery-item\"><div class=\"w-gallery-item-img\"><img loading=\"lazy\" decoding=\"async\" width=\"450\" height=\"600\" src=\"https:\/\/leende.mx\/ad\/wp-content\/uploads\/2025\/08\/9.png\" class=\"attachment-large size-large\" alt=\"\" srcset=\"https:\/\/leende.mx\/ad\/wp-content\/uploads\/2025\/08\/9.png 450w, https:\/\/leende.mx\/ad\/wp-content\/uploads\/2025\/08\/9-225x300.png 225w\" sizes=\"auto, (max-width: 450px) 100vw, 450px\" \/><\/div><\/div><div class=\"w-gallery-item\"><div class=\"w-gallery-item-img\"><img loading=\"lazy\" decoding=\"async\" width=\"450\" height=\"600\" src=\"https:\/\/leende.mx\/ad\/wp-content\/uploads\/2025\/09\/doctores.png\" class=\"attachment-large size-large\" alt=\"\" srcset=\"https:\/\/leende.mx\/ad\/wp-content\/uploads\/2025\/09\/doctores.png 450w, https:\/\/leende.mx\/ad\/wp-content\/uploads\/2025\/09\/doctores-225x300.png 225w\" sizes=\"auto, (max-width: 450px) 100vw, 450px\" \/><\/div><\/div><\/div><\/div><\/div><\/div><\/div><\/div><\/section><section class=\"l-section wpb_row height_custom\"><div class=\"l-section-h i-cf\"><div class=\"g-cols vc_row via_grid cols_2 laptops-cols_inherit tablets-cols_inherit mobiles-cols_1 valign_top type_default stacking_default\"><div class=\"wpb_column vc_column_container\"><div class=\"vc_column-inner\"><div class=\"w-text us_custom_9d8e21fa icon_atleft\"><span class=\"w-text-h\"><i class=\"fas fa-tooth\"><\/i><span class=\"w-text-value\">Misi\u00f3n<\/span><\/span><\/div><div class=\"w-separator size_medium\"><\/div><div class=\"wpb_text_column\"><div class=\"wpb_wrapper\"><p>Somos un grupo de profesionales en constante formaci\u00f3n. Nuestro objetivo es proporcionar cuidados bucales \u00f3ptimos a nuestros pacientes, huyendo del clich\u00e9 cl\u00e1sico del dentista.<\/p>\n<p>Buscamos conocer perfectamente cada caso y el entorno que lo rodea, ofrecer una atenci\u00f3n personalizada e individualizada y alcanzar la excelencia en nuestra labor. Intentamos, asimismo, que el tratamiento dental interfiera lo m\u00ednimo posible en la vida diaria.<\/p>\n<\/div><\/div><div class=\"w-separator size_large\"><\/div><div class=\"w-text us_custom_9d8e21fa icon_atleft\"><span class=\"w-text-h\"><i class=\"fas fa-tooth\"><\/i><span class=\"w-text-value\">Visi\u00f3n<\/span><\/span><\/div><div class=\"w-separator size_medium\"><\/div><div class=\"wpb_text_column\"><div class=\"wpb_wrapper\"><p>Queremos que se nos conozca por nuestra profesionalidad, trato y calidad. Ser referentes en M\u00e9xico por nuestra forma de trabajar y nuestra cercan\u00eda con los pacientes.<\/p>\n<\/div><\/div><div class=\"w-separator size_large\"><\/div><div class=\"w-text us_custom_9d8e21fa icon_atleft\"><span class=\"w-text-h\"><i class=\"fas fa-tooth\"><\/i><span class=\"w-text-value\">Valores<\/span><\/span><\/div><div class=\"w-separator size_medium\"><\/div><div class=\"wpb_text_column\"><div class=\"wpb_wrapper\"><p>Creemos en ofrecer a nuestros pacientes la mejor opci\u00f3n para su caso. Sabiendo que, para eso, necesitamos una formaci\u00f3n constante con el fin de poder ofrecer siempre la soluci\u00f3n \u00f3ptima a los problemas que nos presenten nuestros pacientes.<br \/>\nEstos son los principales valores que nos mueven.<\/p>\n<\/div><\/div><\/div><\/div><div class=\"wpb_column vc_column_container\"><div class=\"vc_column-inner\"><div class=\"w-image align_none\"><div class=\"w-image-h\"><img decoding=\"async\" width=\"1024\" height=\"1024\" src=\"https:\/\/leende.mx\/ad\/wp-content\/uploads\/2024\/12\/Equipo-Leende-4.png\" class=\"attachment-large size-large\" alt=\"\" loading=\"lazy\" srcset=\"https:\/\/leende.mx\/ad\/wp-content\/uploads\/2024\/12\/Equipo-Leende-4.png 1024w, https:\/\/leende.mx\/ad\/wp-content\/uploads\/2024\/12\/Equipo-Leende-4-300x300.png 300w, https:\/\/leende.mx\/ad\/wp-content\/uploads\/2024\/12\/Equipo-Leende-4-150x150.png 150w, https:\/\/leende.mx\/ad\/wp-content\/uploads\/2024\/12\/Equipo-Leende-4-75x75.png 75w, https:\/\/leende.mx\/ad\/wp-content\/uploads\/2024\/12\/Equipo-Leende-4-600x600.png 600w\" sizes=\"auto, (max-width: 1024px) 100vw, 1024px\" \/><\/div><\/div><\/div><\/div><\/div><\/div><\/section><section class=\"l-section wpb_row height_custom\"><div class=\"l-section-h i-cf\"><div class=\"g-cols vc_row via_grid cols_1 laptops-cols_inherit tablets-cols_inherit mobiles-cols_1 valign_top type_default stacking_default\"><div class=\"wpb_column vc_column_container\"><div class=\"vc_column-inner\"><div class=\"wpb_text_column\"><div class=\"wpb_wrapper\"><h2 style=\"text-align: center;\">SOMOS LEENDE<\/h2>\n<h3 class=\"p1\" style=\"text-align: center;\"><span style=\"color: #2ea3f2;\">\u00a1PROFESIONALES, PERFECCIONISTAS, CERCANOS Y HONESTOS!<\/span><\/h3>\n<\/div><\/div><div class=\"w-separator size_medium\"><\/div><div class=\"w-image style_shadow-1 align_none\"><div class=\"w-image-h\"><img decoding=\"async\" width=\"1280\" height=\"720\" src=\"https:\/\/leende.mx\/ad\/wp-content\/uploads\/2024\/12\/Equipo-Leende-5-1.png\" class=\"attachment-full size-full\" alt=\"\" loading=\"lazy\" srcset=\"https:\/\/leende.mx\/ad\/wp-content\/uploads\/2024\/12\/Equipo-Leende-5-1.png 1280w, https:\/\/leende.mx\/ad\/wp-content\/uploads\/2024\/12\/Equipo-Leende-5-1-300x169.png 300w, https:\/\/leende.mx\/ad\/wp-content\/uploads\/2024\/12\/Equipo-Leende-5-1-1024x576.png 1024w, https:\/\/leende.mx\/ad\/wp-content\/uploads\/2024\/12\/Equipo-Leende-5-1-600x338.png 600w\" sizes=\"auto, (max-width: 1280px) 100vw, 1280px\" \/><\/div><\/div><div class=\"w-separator size_medium\"><\/div><\/div><\/div><\/div><\/div><\/section>\n","protected":false},"excerpt":{"rendered":"Misi\u00f3nSomos un grupo de profesionales en constante formaci\u00f3n. Nuestro objetivo es proporcionar cuidados bucales \u00f3ptimos a nuestros pacientes, huyendo del clich\u00e9 cl\u00e1sico del dentista. Buscamos conocer perfectamente cada caso y el entorno que lo rodea, ofrecer una atenci\u00f3n personalizada e individualizada y alcanzar la excelencia en nuestra labor. Intentamos, asimismo, que el tratamiento dental interfiera...","protected":false},"author":1,"featured_media":0,"parent":0,"menu_order":0,"comment_status":"closed","ping_status":"closed","template":"","meta":{"_acf_changed":false,"footnotes":""},"class_list":["post-9414","page","type-page","status-publish","hentry"],"acf":[],"_links":{"self":[{"href":"https:\/\/leende.mx\/ad\/wp-json\/wp\/v2\/pages\/9414","targetHints":{"allow":["GET"]}}],"collection":[{"href":"https:\/\/leende.mx\/ad\/wp-json\/wp\/v2\/pages"}],"about":[{"href":"https:\/\/leende.mx\/ad\/wp-json\/wp\/v2\/types\/page"}],"author":[{"embeddable":true,"href":"https:\/\/leende.mx\/ad\/wp-json\/wp\/v2\/users\/1"}],"replies":[{"embeddable":true,"href":"https:\/\/leende.mx\/ad\/wp-json\/wp\/v2\/comments?post=9414"}],"version-history":[{"count":26,"href":"https:\/\/leende.mx\/ad\/wp-json\/wp\/v2\/pages\/9414\/revisions"}],"predecessor-version":[{"id":9532,"href":"https:\/\/leende.mx\/ad\/wp-json\/wp\/v2\/pages\/9414\/revisions\/9532"}],"wp:attachment":[{"href":"https:\/\/leende.mx\/ad\/wp-json\/wp\/v2\/media?parent=9414"}],"curies":[{"name":"wp","href":"https:\/\/api.w.org\/{rel}","templated":true}]}}